{"id":3,"date":"2022-11-10T09:38:20","date_gmt":"2022-11-10T09:38:20","guid":{"rendered":"https:\/\/quiz100.eu\/?page_id=3"},"modified":"2023-06-22T14:13:54","modified_gmt":"2023-06-22T12:13:54","slug":"prelucrarea-datelor-cu-caracter-personal","status":"publish","type":"page","link":"https:\/\/quiz100.eu\/ro\/prelucrarea-datelor-cu-caracter-personal\/","title":{"rendered":"Prelucrarea datelor cu caracter personal"},"content":{"rendered":"<p>Operatorul de date cu caracter personal este S.C. SUNRISE CAPITAL S.R.L., adresa de coresponden\u021b\u0103 este contact@quiz100.eu.<br>Site-ul s\u0103u web este: https:\/\/quiz100.eu<br>Conform Regulamentului (UE) 2016\/679, datele cu caracter personal \u00eenseamn\u0103 orice informa\u021bie referitoare la o persoan\u0103 fizic\u0103.<br>Exemple de date cu caracter personal pot fi: nume; adres\u0103; e-mail; IP; ID-ul unui cookie; imagine (fotografie sau videoclip).<\/p>\n\n\n\n<h2 class=\"wp-block-heading\">\u00cen cadrul site-ului colect\u0103m urm\u0103toarele date cu caracter personal:<\/h2>\n\n\n\n<ul class=\"wp-block-list\">\n<li>Date anonime despre trafic \u0219i audien\u021b\u0103<\/li>\n\n\n\n<li>Interac\u021biunea cu e-mailurile pe care le primi\u021bi \u00een c\u0103su\u021ba po\u0219tal\u0103<\/li>\n\n\n\n<li>Interac\u021biunea cu diverse linkuri, imagini, bannere, casete, videoclipuri de pe site-ul nostru web<\/li>\n\n\n\n<li>Informa\u021bii furnizate direct de dumneavoastr\u0103 \u00een cadrul achizi\u021bion\u0103rii unui anumit produs\/serviciu.<\/li>\n\n\n\n<li>Operatorul colecteaz\u0103 informa\u021bii de la dumneavoastr\u0103 direct \u0219i prin intermediul cookie-urilor.<\/li>\n\n\n\n<li>Ave\u021bi dreptul de a solicita accesul la datele dumneavoastr\u0103 cu caracter personal, de a le rectifica, \u0219terge sau limita prelucrarea, precum \u0219i dreptul de a nu le prelucra sau transfera.<\/li>\n<\/ul>\n\n\n\n<h2 class=\"wp-block-heading\">\u00cen conformitate cu GDPR, ave\u021bi urm\u0103toarele drepturi:<\/h2>\n\n\n\n<ul class=\"wp-block-list\">\n<li>Dreptul la informare \u2013 pute\u021bi solicita informa\u021bii cu privire la activit\u0103\u021bile de prelucrare a datelor dumneavoastr\u0103 cu caracter personal;<\/li>\n\n\n\n<li>Dreptul la rectificare \u2013 pute\u021bi rectifica datele cu caracter personal inexacte sau le pute\u021bi completa;<\/li>\n\n\n\n<li>Dreptul la \u0219tergerea datelor \u2013 pute\u021bi ob\u021bine \u0219tergerea datelor, dac\u0103 prelucrarea a fost ilegal\u0103 sau \u00een alte cazuri prev\u0103zute de lege;<\/li>\n\n\n\n<li>Dreptul la restric\u021bionarea prelucr\u0103rii \u2013 pute\u021bi solicita restric\u021bionarea prelucr\u0103rii dac\u0103 contesta\u021bi exactitatea datelor \u0219i \u00een alte cazuri prev\u0103zute de lege;<\/li>\n\n\n\n<li>Dreptul la opozi\u021bie \u2013 v\u0103 pute\u021bi opune \u00een special prelucr\u0103rii datelor \u00een baza interesului nostru legitim;<\/li>\n\n\n\n<li>Dreptul la portabilitatea datelor \u2013 pute\u021bi primi, \u00een anumite condi\u021bii, datele cu caracter personal pe care ni le-a\u021bi furnizat \u00eentr-un format care poate fi citit automat sau pute\u021bi solicita ca datele s\u0103 fie transferate c\u0103tre un alt operator;<\/li>\n\n\n\n<li>Dreptul de a depune o pl\u00e2ngere \u2013 pute\u021bi depune o pl\u00e2ngere cu privire la modul \u00een care sunt prelucrate datele dumneavoastr\u0103 cu caracter personal la Autoritatea Na\u021bional\u0103 de Supraveghere a Prelucr\u0103rii Datelor cu Caracter Personal;<\/li>\n\n\n\n<li>Dreptul de a retrage consim\u021b\u0103m\u00e2ntul \u2013 \u00een cazurile \u00een care prelucrarea se bazeaz\u0103 pe consim\u021b\u0103m\u00e2ntul dumneavoastr\u0103, acesta poate fi retras \u00een orice moment. Retragerea consim\u021b\u0103m\u00e2ntului va produce efecte numai pentru viitor, prelucrarea efectuat\u0103 anterior retragerii va r\u0103m\u00e2ne valabil\u0103;<\/li>\n\n\n\n<li>Dreptul de a nu fi supus unor decizii automate ulterioare sau profil\u0103rii legate de deciziile automate: pute\u021bi solicita \u0219i ob\u021bine interven\u021bia uman\u0103 cu privire la o astfel de prelucrare sau v\u0103 pute\u021bi exprima propriul punct de vedere cu privire la o astfel de prelucrare.<\/li>\n<\/ul>\n\n\n\n<p>V\u0103 pute\u021bi exercita aceste drepturi, fie individual, fie cumulativ, foarte u\u0219or, prin simpla trimitere a unei solicit\u0103ri la urm\u0103toarea adres\u0103 de e-mail: contact@quiz100.eu<\/p>","protected":false},"excerpt":{"rendered":"<p>The personal data controller is S.C. SUNRISE CAPITAL S.R.L., the correspondence address is contact@quiz100.eu.Its website is: https:\/\/quiz100.euAs explained in Regulation (EU) 2016\/679 personal data means any information relating to a natural person.Examples of personal data can be: name; address; email; IP; a cookie ID; image (picture or video). Within the site we collect the following [&hellip;]<\/p>\n","protected":false},"author":1,"featured_media":0,"parent":0,"menu_order":0,"comment_status":"closed","ping_status":"open","template":"","meta":{"_et_pb_use_builder":"","_et_pb_old_content":"","_et_gb_content_width":"1204","footnotes":""},"class_list":["post-3","page","type-page","status-publish","hentry"],"yoast_head":"<!-- This site is optimized with the Yoast SEO plugin v27.4 - https:\/\/yoast.com\/product\/yoast-seo-wordpress\/ -->\n<title>Processing of personal data - Quiz100<\/title>\n<meta name=\"robots\" content=\"index, follow, max-snippet:-1, max-image-preview:large, max-video-preview:-1\" \/>\n<link rel=\"canonical\" href=\"https:\/\/quiz100.eu\/ro\/prelucrarea-datelor-cu-caracter-personal\/\" \/>\n<meta property=\"og:locale\" content=\"ro_RO\" \/>\n<meta property=\"og:type\" content=\"article\" \/>\n<meta property=\"og:title\" content=\"Processing of personal data - Quiz100\" \/>\n<meta property=\"og:description\" content=\"The personal data controller is S.C. SUNRISE CAPITAL S.R.L., the correspondence address is contact@quiz100.eu.Its website is: https:\/\/quiz100.euAs explained in Regulation (EU) 2016\/679 personal data means any information relating to a natural person.Examples of personal data can be: name; address; email; IP; a cookie ID; image (picture or video). Within the site we collect the following [&hellip;]\" \/>\n<meta property=\"og:url\" content=\"https:\/\/quiz100.eu\/ro\/prelucrarea-datelor-cu-caracter-personal\/\" \/>\n<meta property=\"og:site_name\" content=\"Quiz100\" \/>\n<meta property=\"article:modified_time\" content=\"2023-06-22T12:13:54+00:00\" \/>\n<meta name=\"twitter:card\" content=\"summary_large_image\" \/>\n<meta name=\"twitter:label1\" content=\"Timp estimat pentru citire\" \/>\n\t<meta name=\"twitter:data1\" content=\"2 minute\" \/>\n<script type=\"application\/ld+json\" class=\"yoast-schema-graph\">{\"@context\":\"https:\\\/\\\/schema.org\",\"@graph\":[{\"@type\":\"WebPage\",\"@id\":\"https:\\\/\\\/quiz100.eu\\\/prelucrarea-datelor-cu-caracter-personal\\\/\",\"url\":\"https:\\\/\\\/quiz100.eu\\\/prelucrarea-datelor-cu-caracter-personal\\\/\",\"name\":\"Processing of personal data - Quiz100\",\"isPartOf\":{\"@id\":\"https:\\\/\\\/quiz100.eu\\\/en\\\/#website\"},\"datePublished\":\"2022-11-10T09:38:20+00:00\",\"dateModified\":\"2023-06-22T12:13:54+00:00\",\"breadcrumb\":{\"@id\":\"https:\\\/\\\/quiz100.eu\\\/prelucrarea-datelor-cu-caracter-personal\\\/#breadcrumb\"},\"inLanguage\":\"ro-RO\",\"potentialAction\":[{\"@type\":\"ReadAction\",\"target\":[\"https:\\\/\\\/quiz100.eu\\\/prelucrarea-datelor-cu-caracter-personal\\\/\"]}]},{\"@type\":\"BreadcrumbList\",\"@id\":\"https:\\\/\\\/quiz100.eu\\\/prelucrarea-datelor-cu-caracter-personal\\\/#breadcrumb\",\"itemListElement\":[{\"@type\":\"ListItem\",\"position\":1,\"name\":\"Prima pagin\u0103\",\"item\":\"https:\\\/\\\/quiz100.eu\\\/\"},{\"@type\":\"ListItem\",\"position\":2,\"name\":\"Processing of personal data\"}]},{\"@type\":\"WebSite\",\"@id\":\"https:\\\/\\\/quiz100.eu\\\/en\\\/#website\",\"url\":\"https:\\\/\\\/quiz100.eu\\\/en\\\/\",\"name\":\"Quiz100\",\"description\":\"Quiz100 Picturi Celebre\",\"publisher\":{\"@id\":\"https:\\\/\\\/quiz100.eu\\\/en\\\/#organization\"},\"alternateName\":\"Quiz100 Picturi Celebre\",\"potentialAction\":[{\"@type\":\"SearchAction\",\"target\":{\"@type\":\"EntryPoint\",\"urlTemplate\":\"https:\\\/\\\/quiz100.eu\\\/en\\\/?s={search_term_string}\"},\"query-input\":{\"@type\":\"PropertyValueSpecification\",\"valueRequired\":true,\"valueName\":\"search_term_string\"}}],\"inLanguage\":\"ro-RO\"},{\"@type\":\"Organization\",\"@id\":\"https:\\\/\\\/quiz100.eu\\\/en\\\/#organization\",\"name\":\"Quiz100\",\"alternateName\":\"Quiz100 Picturi Celebre\",\"url\":\"https:\\\/\\\/quiz100.eu\\\/en\\\/\",\"logo\":{\"@type\":\"ImageObject\",\"inLanguage\":\"ro-RO\",\"@id\":\"https:\\\/\\\/quiz100.eu\\\/en\\\/#\\\/schema\\\/logo\\\/image\\\/\",\"url\":\"https:\\\/\\\/quiz100.eu\\\/wp-content\\\/uploads\\\/2022\\\/11\\\/cropped-Screenshot-2022-11-10-at-19.11.13.png\",\"contentUrl\":\"https:\\\/\\\/quiz100.eu\\\/wp-content\\\/uploads\\\/2022\\\/11\\\/cropped-Screenshot-2022-11-10-at-19.11.13.png\",\"width\":512,\"height\":512,\"caption\":\"Quiz100\"},\"image\":{\"@id\":\"https:\\\/\\\/quiz100.eu\\\/en\\\/#\\\/schema\\\/logo\\\/image\\\/\"}}]}<\/script>\n<!-- \/ Yoast SEO plugin. -->","yoast_head_json":{"title":"Processing of personal data - Quiz100","robots":{"index":"index","follow":"follow","max-snippet":"max-snippet:-1","max-image-preview":"max-image-preview:large","max-video-preview":"max-video-preview:-1"},"canonical":"https:\/\/quiz100.eu\/ro\/prelucrarea-datelor-cu-caracter-personal\/","og_locale":"ro_RO","og_type":"article","og_title":"Processing of personal data - Quiz100","og_description":"The personal data controller is S.C. SUNRISE CAPITAL S.R.L., the correspondence address is contact@quiz100.eu.Its website is: https:\/\/quiz100.euAs explained in Regulation (EU) 2016\/679 personal data means any information relating to a natural person.Examples of personal data can be: name; address; email; IP; a cookie ID; image (picture or video). Within the site we collect the following [&hellip;]","og_url":"https:\/\/quiz100.eu\/ro\/prelucrarea-datelor-cu-caracter-personal\/","og_site_name":"Quiz100","article_modified_time":"2023-06-22T12:13:54+00:00","twitter_card":"summary_large_image","twitter_misc":{"Timp estimat pentru citire":"2 minute"},"schema":{"@context":"https:\/\/schema.org","@graph":[{"@type":"WebPage","@id":"https:\/\/quiz100.eu\/prelucrarea-datelor-cu-caracter-personal\/","url":"https:\/\/quiz100.eu\/prelucrarea-datelor-cu-caracter-personal\/","name":"Processing of personal data - Quiz100","isPartOf":{"@id":"https:\/\/quiz100.eu\/en\/#website"},"datePublished":"2022-11-10T09:38:20+00:00","dateModified":"2023-06-22T12:13:54+00:00","breadcrumb":{"@id":"https:\/\/quiz100.eu\/prelucrarea-datelor-cu-caracter-personal\/#breadcrumb"},"inLanguage":"ro-RO","potentialAction":[{"@type":"ReadAction","target":["https:\/\/quiz100.eu\/prelucrarea-datelor-cu-caracter-personal\/"]}]},{"@type":"BreadcrumbList","@id":"https:\/\/quiz100.eu\/prelucrarea-datelor-cu-caracter-personal\/#breadcrumb","itemListElement":[{"@type":"ListItem","position":1,"name":"Prima pagin\u0103","item":"https:\/\/quiz100.eu\/"},{"@type":"ListItem","position":2,"name":"Processing of personal data"}]},{"@type":"WebSite","@id":"https:\/\/quiz100.eu\/en\/#website","url":"https:\/\/quiz100.eu\/en\/","name":"Quiz100","description":"Quiz100 Picturi Celebre","publisher":{"@id":"https:\/\/quiz100.eu\/en\/#organization"},"alternateName":"Quiz100 Picturi Celebre","potentialAction":[{"@type":"SearchAction","target":{"@type":"EntryPoint","urlTemplate":"https:\/\/quiz100.eu\/en\/?s={search_term_string}"},"query-input":{"@type":"PropertyValueSpecification","valueRequired":true,"valueName":"search_term_string"}}],"inLanguage":"ro-RO"},{"@type":"Organization","@id":"https:\/\/quiz100.eu\/en\/#organization","name":"Quiz100","alternateName":"Quiz100 Picturi Celebre","url":"https:\/\/quiz100.eu\/en\/","logo":{"@type":"ImageObject","inLanguage":"ro-RO","@id":"https:\/\/quiz100.eu\/en\/#\/schema\/logo\/image\/","url":"https:\/\/quiz100.eu\/wp-content\/uploads\/2022\/11\/cropped-Screenshot-2022-11-10-at-19.11.13.png","contentUrl":"https:\/\/quiz100.eu\/wp-content\/uploads\/2022\/11\/cropped-Screenshot-2022-11-10-at-19.11.13.png","width":512,"height":512,"caption":"Quiz100"},"image":{"@id":"https:\/\/quiz100.eu\/en\/#\/schema\/logo\/image\/"}}]}},"_links":{"self":[{"href":"https:\/\/quiz100.eu\/ro\/wp-json\/wp\/v2\/pages\/3","targetHints":{"allow":["GET"]}}],"collection":[{"href":"https:\/\/quiz100.eu\/ro\/wp-json\/wp\/v2\/pages"}],"about":[{"href":"https:\/\/quiz100.eu\/ro\/wp-json\/wp\/v2\/types\/page"}],"author":[{"embeddable":true,"href":"https:\/\/quiz100.eu\/ro\/wp-json\/wp\/v2\/users\/1"}],"replies":[{"embeddable":true,"href":"https:\/\/quiz100.eu\/ro\/wp-json\/wp\/v2\/comments?post=3"}],"version-history":[{"count":11,"href":"https:\/\/quiz100.eu\/ro\/wp-json\/wp\/v2\/pages\/3\/revisions"}],"predecessor-version":[{"id":595,"href":"https:\/\/quiz100.eu\/ro\/wp-json\/wp\/v2\/pages\/3\/revisions\/595"}],"wp:attachment":[{"href":"https:\/\/quiz100.eu\/ro\/wp-json\/wp\/v2\/media?parent=3"}],"curies":[{"name":"wp","href":"https:\/\/api.w.org\/{rel}","templated":true}]}}